{"id":751,"date":"2024-02-05T19:46:11","date_gmt":"2024-02-05T19:46:11","guid":{"rendered":"https:\/\/todoimagenpublicidad.cl\/belmar\/?page_id=751"},"modified":"2025-03-06T16:30:53","modified_gmt":"2025-03-06T16:30:53","slug":"empresa","status":"publish","type":"page","link":"http:\/\/www.belmar.cl\/2024\/index.php\/empresa\/","title":{"rendered":"Empresa"},"content":{"rendered":"<p>[vc_row centered=\u00bbyes\u00bb bg_type=\u00bbimage\u00bb parallax_style=\u00bbvcpb-default\u00bb bg_image_new=\u00bbid^874|url^https:\/\/todoimagenpublicidad.cl\/belmar\/wp-content\/uploads\/2024\/04\/Sin-titulo-3.jpg|caption^null|alt^null|title^Sin t\u00edtulo-3|description^null\u00bb bg_image_repeat=\u00bbno-repeat\u00bb bg_image_size=\u00bbinitial\u00bb bg_image_posiiton=\u00bbcenter center\u00bb padding_top=\u00bb115px\u00bb padding_bottom=\u00bb115px\u00bb sd_margin_bottom=\u00bb0px\u00bb][vc_column]<div id=\"ultimate-heading-457369e5bb260fbf5\" class=\"uvc-heading ult-adjust-bottom-margin ultimate-heading-457369e5bb260fbf5 uvc-3526 \" data-hspacer=\"line_only\"  data-halign=\"left\" style=\"text-align:left\"><div class=\"uvc-main-heading ult-responsive\"  data-ultimate-target='.uvc-heading.ultimate-heading-457369e5bb260fbf5 h2'  data-responsive-json-new='{\"font-size\":\"desktop:36px;\",\"line-height\":\"\"}' ><h2 style=\"font-family:'Roboto';font-weight:300;color:#ffffff;margin-bottom:10px;\">\u00bfQui\u00e9nes Somos?<\/h2><\/div><div class=\"uvc-heading-spacer line_only\" style=\"topheight:1px;\"><span class=\"uvc-headings-line\" style=\"border-style:solid;border-bottom-width:1px;border-color:#00b4fa;width:50px;\"><\/span><\/div><\/div>[\/vc_column][\/vc_row][vc_row centered=\u00bbyes\u00bb sd_margin_bottom=\u00bb0px\u00bb][vc_column]<div class=\"ult-spacer spacer-69e5bb260fc7f\" data-id=\"69e5bb260fc7f\" data-height=\"70\" data-height-mobile=\"70\" data-height-tab=\"70\" data-height-tab-portrait=\"\" data-height-mobile-landscape=\"\" style=\"clear:both;display:block;\"><\/div>[vc_row_inner][vc_column_inner width=\u00bb2\/3&#8243;]<div id=\"ultimate-heading-963269e5bb260fcf5\" class=\"uvc-heading ult-adjust-bottom-margin ultimate-heading-963269e5bb260fcf5 uvc-1755 \" data-hspacer=\"line_only\"  data-halign=\"left\" style=\"text-align:left\"><div class=\"uvc-main-heading ult-responsive\"  data-ultimate-target='.uvc-heading.ultimate-heading-963269e5bb260fcf5 h3'  data-responsive-json-new='{\"font-size\":\"desktop:30px;\",\"line-height\":\"\"}' ><h3 style=\"font-family:'Roboto';font-weight:300;margin-bottom:10px;\">Nuestra Empresa<\/h3><\/div><div class=\"uvc-sub-heading ult-responsive\"  data-ultimate-target='.uvc-heading.ultimate-heading-963269e5bb260fcf5 .uvc-sub-heading '  data-responsive-json-new='{\"font-size\":\"\",\"line-height\":\"\"}'  style=\"font-family:'Roboto';font-weight:300;margin-bottom:15px;\"><span class=\"sd-top-quote\">Belmar Ingenieria SpA<\/span><\/div><div class=\"uvc-heading-spacer line_only\" style=\"margin-bottom:30px;height:2px;\"><span class=\"uvc-headings-line\" style=\"border-style:solid;border-bottom-width:2px;border-color:#00b4fa;width:50px;\"><\/span><\/div><\/div>[vc_column_text]Belmar Ingenier\u00eda SpA. es una empresa dedicada a proporcionar venta de componentes y servicios navales.<\/p>\n<p>Cumplir con los objetivos de la empresa implica cumplir con requerimientos de nuestros clientes.<\/p>\n<p>Para ello nuestra empresa se compromete a:<\/p>\n<ul>\n<li>Buscar e implementar nuevas tecnolog\u00edas que permitan optimizar el desarrollo de nuestros servicios en sus distintas \u00e1reas y los productos que ofrecemos.<\/li>\n<li>Asegurar que los miembros de nuestra empresa comprenden y comparten su Pol\u00edtica de Calidad, Misi\u00f3n, Visi\u00f3n y Valores.<\/li>\n<li>Mantener un equipo de trabajo que posea la formaci\u00f3n necesaria para cumplir con los requerimientos para llevar a cabo los proyectos en ejecuci\u00f3n, aspirando constantemente a perfeccionar y ampliar sus capacidades.<\/li>\n<\/ul>\n<p>[\/vc_column_text][\/vc_column_inner][vc_column_inner width=\u00bb1\/3&#8243;][vc_empty_space height=\u00bb120px\u00bb][vc_images_carousel images=\u00bb879,880,881,882&#8243; img_size=\u00bbmedium\u00bb autoplay=\u00bbyes\u00bb hide_prev_next_buttons=\u00bbyes\u00bb][\/vc_column_inner][\/vc_row_inner]<div class=\"ult-spacer spacer-69e5bb260fd66\" data-id=\"69e5bb260fd66\" data-height=\"70\" data-height-mobile=\"70\" data-height-tab=\"70\" data-height-tab-portrait=\"\" data-height-mobile-landscape=\"\" style=\"clear:both;display:block;\"><\/div>[\/vc_column][\/vc_row][vc_row centered=\u00bbyes\u00bb bg_type=\u00bbimage\u00bb parallax_style=\u00bbvcpb-default\u00bb bg_image_new=\u00bb587|https:\/\/todoimagenpublicidad.cl\/belmar\/wp-content\/uploads\/2015\/06\/about-blue-bg.jpg\u00bb bg_image_size=\u00bbinitial\u00bb bg_image_posiiton=\u00bbcenter center\u00bb sd_margin_bottom=\u00bb0px\u00bb][vc_column]<div class=\"ult-spacer spacer-69e5bb260fdbb\" data-id=\"69e5bb260fdbb\" data-height=\"80\" data-height-mobile=\"80\" data-height-tab=\"80\" data-height-tab-portrait=\"\" data-height-mobile-landscape=\"\" style=\"clear:both;display:block;\"><\/div><div id=\"ultimate-heading-592169e5bb260fe27\" class=\"uvc-heading ult-adjust-bottom-margin ultimate-heading-592169e5bb260fe27 uvc-3890 \" data-hspacer=\"line_only\"  data-halign=\"center\" style=\"text-align:center\"><div class=\"uvc-main-heading ult-responsive\"  data-ultimate-target='.uvc-heading.ultimate-heading-592169e5bb260fe27 h3'  data-responsive-json-new='{\"font-size\":\"desktop:30px;\",\"line-height\":\"\"}' ><h3 style=\"font-family:'Roboto';font-weight:300;color:#ffffff;margin-bottom:10px;\">Misi\u00f3n &amp; Visi\u00f3n Organizacional<\/h3><\/div><div class=\"uvc-sub-heading ult-responsive\"  data-ultimate-target='.uvc-heading.ultimate-heading-592169e5bb260fe27 .uvc-sub-heading '  data-responsive-json-new='{\"font-size\":\"\",\"line-height\":\"\"}'  style=\"font-family:'Roboto';font-weight:300;color:#ffffff;margin-bottom:15px;\">Belmar Ingenier\u00eda SpA<\/div><div class=\"uvc-heading-spacer line_only\" style=\"margin-bottom:30px;height:2px;\"><span class=\"uvc-headings-line\" style=\"border-style:solid;border-bottom-width:2px;border-color:#ffffff;width:50px;\"><\/span><\/div><\/div><div class=\"ult-spacer spacer-69e5bb260fe8f\" data-id=\"69e5bb260fe8f\" data-height=\"20\" data-height-mobile=\"20\" data-height-tab=\"20\" data-height-tab-portrait=\"\" data-height-mobile-landscape=\"\" style=\"clear:both;display:block;\"><\/div>[vc_row_inner css=\u00bb.vc_custom_1443538123208{margin-bottom: 0px !important;}\u00bb][vc_column_inner width=\u00bb1\/2&#8243;]<div class=\"aio-icon-component    style_3\"><div id=\"Info-box-wrap-3211\" class=\"aio-icon-box top-icon\" style=\"\"  ><div class=\"aio-icon-top\"><div class=\"ult-just-icon-wrapper  \"><div class=\"align-icon\" style=\"text-align:center;\">\n<div class=\"aio-icon none \"  style=\"color:#ffffff;font-size:32px;display:inline-block;\">\n\t<i class=\"Defaults-check\"><\/i>\n<\/div><\/div><\/div><\/div><div class=\"aio-icon-header\" ><h3 class=\"aio-icon-title ult-responsive\"  data-ultimate-target='#Info-box-wrap-3211 .aio-icon-title'  data-responsive-json-new='{\"font-size\":\"desktop:22px;\",\"line-height\":\"\"}'  style=\"font-family:'Roboto';font-weight:normal;font-style:normal;color:#ffffff;\">Misi\u00f3n<\/h3><\/div> <!-- header --><div class=\"aio-icon-description ult-responsive\"  data-ultimate-target='#Info-box-wrap-3211 .aio-icon-description'  data-responsive-json-new='{\"font-size\":\"\",\"line-height\":\"\"}'  style=\"font-family:'Roboto';font-weight:300;color:#ffffff;\">Belmar Ingenier\u00eda SpA. compromete sus esfuerzos para cumplir con las expectativas de sus clientes, proporcion\u00e1ndoles servicios y productos de alta calidad. Asegurando la selecci\u00f3n de las mejores l\u00edneas de productos Oleo-hidr\u00e1ulicos y de la industria naval para ser distribuidos en Sud Am\u00e9rica.<\/div> <!-- description --><\/div> <!-- aio-icon-box --><\/div> <!-- aio-icon-component -->[\/vc_column_inner][vc_column_inner width=\u00bb1\/2&#8243;]<div class=\"aio-icon-component    style_3\"><div id=\"Info-box-wrap-7599\" class=\"aio-icon-box top-icon\" style=\"\"  ><div class=\"aio-icon-top\"><div class=\"ult-just-icon-wrapper  \"><div class=\"align-icon\" style=\"text-align:center;\">\n<div class=\"aio-icon none \"  style=\"color:#ffffff;font-size:32px;display:inline-block;\">\n\t<i class=\"Defaults-check\"><\/i>\n<\/div><\/div><\/div><\/div><div class=\"aio-icon-header\" ><h3 class=\"aio-icon-title ult-responsive\"  data-ultimate-target='#Info-box-wrap-7599 .aio-icon-title'  data-responsive-json-new='{\"font-size\":\"desktop:22px;\",\"line-height\":\"\"}'  style=\"font-family:'Roboto';font-weight:normal;font-style:normal;color:#ffffff;\">Visi\u00f3n<\/h3><\/div> <!-- header --><div class=\"aio-icon-description ult-responsive\"  data-ultimate-target='#Info-box-wrap-7599 .aio-icon-description'  data-responsive-json-new='{\"font-size\":\"\",\"line-height\":\"\"}'  style=\"font-family:'Roboto';font-weight:300;color:#ffffff;\">Belmar Ingenier\u00eda SpA. aspira a ser una empresa l\u00edder en Chile y Latinoam\u00e9rica en el \u00e1rea de las representaciones industriales y navales, para lo cual pretende asociarse con las mejores f\u00e1bricas de equipos y componentes a nivel mundial e integrarlas como parte del desarrollo de diversos proyectos de ingenier\u00eda aplicada en las \u00e1reas de la Oleo-Hidr\u00e1ulica y la propulsi\u00f3n Naval.<\/div> <!-- description --><\/div> <!-- aio-icon-box --><\/div> <!-- aio-icon-component -->[\/vc_column_inner][\/vc_row_inner]<div class=\"ult-spacer spacer-69e5bb261013b\" data-id=\"69e5bb261013b\" data-height=\"60\" data-height-mobile=\"60\" data-height-tab=\"60\" data-height-tab-portrait=\"\" data-height-mobile-landscape=\"\" style=\"clear:both;display:block;\"><\/div>[\/vc_column][\/vc_row][vc_row centered=\u00bbyes\u00bb bg_type=\u00bbimage\u00bb parallax_style=\u00bbvcpb-default\u00bb bg_image_repeat=\u00bbrepeat-x\u00bb bg_image_size=\u00bbinitial\u00bb bg_image_posiiton=\u00bb0 100%\u00bb sd_margin_bottom=\u00bb0px\u00bb][vc_column]<div class=\"ult-spacer spacer-69e5bb261018d\" data-id=\"69e5bb261018d\" data-height=\"120\" data-height-mobile=\"120\" data-height-tab=\"120\" data-height-tab-portrait=\"\" data-height-mobile-landscape=\"\" style=\"clear:both;display:block;\"><\/div><div id=\"ultimate-heading-189469e5bb2610206\" class=\"uvc-heading ult-adjust-bottom-margin ultimate-heading-189469e5bb2610206 uvc-6199 \" data-hspacer=\"line_only\"  data-halign=\"left\" style=\"text-align:left\"><div class=\"uvc-main-heading ult-responsive\"  data-ultimate-target='.uvc-heading.ultimate-heading-189469e5bb2610206 h3'  data-responsive-json-new='{\"font-size\":\"desktop:30px;\",\"line-height\":\"\"}' ><h3 style=\"font-family:'Roboto';font-weight:300;margin-bottom:10px;\">Valores Organizacionales<\/h3><\/div><div class=\"uvc-sub-heading ult-responsive\"  data-ultimate-target='.uvc-heading.ultimate-heading-189469e5bb2610206 .uvc-sub-heading '  data-responsive-json-new='{\"font-size\":\"\",\"line-height\":\"\"}'  style=\"font-family:'Roboto';font-weight:300;margin-bottom:15px;\">Belmar Ingenier\u00eda SpA<\/div><div class=\"uvc-heading-spacer line_only\" style=\"margin-bottom:30px;height:2px;\"><span class=\"uvc-headings-line\" style=\"border-style:solid;border-bottom-width:2px;border-color:#00b4fa;width:50px;\"><\/span><\/div><\/div>[vc_row_inner css=\u00bb.vc_custom_1443538377027{margin-bottom: 0px !important;}\u00bb][vc_column_inner width=\u00bb1\/3&#8243;][vc_icon icon_fontawesome=\u00bbfa fa-check\u00bb padding_left=\u00bb\u00bb][\/vc_icon][vc_empty_space height=\u00bb6px\u00bb][vc_column_text]<span style=\"color: #56758d;\"><strong>Excelencia<\/strong>:<\/span><br \/>\n<span style=\"color: #56758d;\">Ser reconocidos por los clientes por entregar productos y servicios de gran calidad, satisfaciendo sus requerimientos y expectativas.<\/span>[\/vc_column_text][\/vc_column_inner][vc_column_inner width=\u00bb1\/3&#8243;][vc_icon icon_fontawesome=\u00bbfa fa-check\u00bb padding_left=\u00bb\u00bb][\/vc_icon][vc_empty_space height=\u00bb6px\u00bb][vc_column_text]<span style=\"color: #56758d;\"><strong>Honestidad e Integridad<\/strong>:<\/span><br \/>\n<span style=\"color: #56758d;\">Asegurar la confianza de nuestros clientes frente al desarrollo de nuestro trabajo y sus resultados.<\/span>[\/vc_column_text][\/vc_column_inner][vc_column_inner width=\u00bb1\/3&#8243;][vc_icon icon_fontawesome=\u00bbfa fa-check\u00bb padding_left=\u00bb\u00bb][\/vc_icon][vc_empty_space height=\u00bb6px\u00bb][vc_column_text]<span style=\"color: #56758d;\"><strong>Eficiencia y Efectividad<\/strong>:<\/span><br \/>\n<span style=\"color: #56758d;\">Utilizaci\u00f3n eficiente y efectiva de los recursos con el objetivo de optimizar financieramente y asegurar el \u00e9xito econ\u00f3mico de nuestra empresa.<br \/>\n<\/span>[\/vc_column_text][\/vc_column_inner][\/vc_row_inner][vc_row_inner css=\u00bb.vc_custom_1443538377027{margin-bottom: 0px !important;}\u00bb][vc_column_inner width=\u00bb1\/3&#8243;][vc_icon icon_fontawesome=\u00bbfa fa-check\u00bb padding_left=\u00bb\u00bb][\/vc_icon][vc_empty_space height=\u00bb6px\u00bb][vc_column_text]<span style=\"color: #56758d;\"><strong>Mejoramiento Continuo<\/strong>:<\/span><br \/>\n<span style=\"color: #56758d;\">Obtener de todo el personal un compromiso de mejorar constantemente nuestro servicio y resultados.<br \/>\n<\/span>[\/vc_column_text][\/vc_column_inner][vc_column_inner width=\u00bb1\/3&#8243;][vc_icon icon_fontawesome=\u00bbfa fa-check\u00bb padding_left=\u00bb\u00bb][\/vc_icon][vc_empty_space height=\u00bb6px\u00bb][vc_column_text]<span style=\"color: #56758d;\"><strong>Trabajo en Equipo<\/strong>:<\/span><br \/>\n<span style=\"color: #56758d;\">Convencidos que las personas son la clave para alcanzar las metas comunes, nuestro equipo debe trabajar de manera cohesionada, manteniendo una constante comunicaci\u00f3n entre el equipo y nuestro cliente.<\/span>[\/vc_column_text][\/vc_column_inner][\/vc_row_inner]<div class=\"ult-spacer spacer-69e5bb2610267\" data-id=\"69e5bb2610267\" data-height=\"120\" data-height-mobile=\"120\" data-height-tab=\"120\" data-height-tab-portrait=\"\" data-height-mobile-landscape=\"\" style=\"clear:both;display:block;\"><\/div>[\/vc_column][\/vc_row]<\/p>\n","protected":false},"excerpt":{"rendered":"<p>[vc_row centered=\u00bbyes\u00bb bg_type=\u00bbimage\u00bb parallax_style=\u00bbvcpb-default\u00bb bg_image_new=\u00bbid^874|url^https:\/\/todoimagenpublicidad.cl\/belmar\/wp-content\/uploads\/2024\/04\/Sin-titulo-3.jpg|caption^null|alt^null|title^Sin t\u00edtulo-3|description^null\u00bb bg_image_repeat=\u00bbno-repeat\u00bb bg_image_size=\u00bbinitial\u00bb bg_image_posiiton=\u00bbcenter center\u00bb padding_top=\u00bb115px\u00bb padding_bottom=\u00bb115px\u00bb sd_margin_bottom=\u00bb0px\u00bb][vc_column][\/vc_column][\/vc_row][vc_row centered=\u00bbyes\u00bb sd_margin_bottom=\u00bb0px\u00bb][vc_column][vc_row_inner][vc_column_inner width=\u00bb2\/3&#8243;][vc_column_text]Belmar Ingenier\u00eda SpA. es una empresa dedicada a proporcionar venta de componentes y servicios navales. Cumplir con los objetivos de la empresa implica cumplir con requerimientos de nuestros clientes. Para ello nuestra empresa se compromete<\/p>\n<div class=\"sd-more-wrapper\">\n<p><a class=\"sd-more sd-opacity-trans\" href=\"http:\/\/www.belmar.cl\/2024\/index.php\/empresa\/#more-751\">Read More<\/a><\/p>\n<\/div>\n","protected":false},"author":1,"featured_media":0,"parent":0,"menu_order":0,"comment_status":"open","ping_status":"open","template":"full-width-page.php","meta":{"footnotes":""},"_links":{"self":[{"href":"http:\/\/www.belmar.cl\/2024\/index.php\/wp-json\/wp\/v2\/pages\/751"}],"collection":[{"href":"http:\/\/www.belmar.cl\/2024\/index.php\/wp-json\/wp\/v2\/pages"}],"about":[{"href":"http:\/\/www.belmar.cl\/2024\/index.php\/wp-json\/wp\/v2\/types\/page"}],"author":[{"embeddable":true,"href":"http:\/\/www.belmar.cl\/2024\/index.php\/wp-json\/wp\/v2\/users\/1"}],"replies":[{"embeddable":true,"href":"http:\/\/www.belmar.cl\/2024\/index.php\/wp-json\/wp\/v2\/comments?post=751"}],"version-history":[{"count":80,"href":"http:\/\/www.belmar.cl\/2024\/index.php\/wp-json\/wp\/v2\/pages\/751\/revisions"}],"predecessor-version":[{"id":1007,"href":"http:\/\/www.belmar.cl\/2024\/index.php\/wp-json\/wp\/v2\/pages\/751\/revisions\/1007"}],"wp:attachment":[{"href":"http:\/\/www.belmar.cl\/2024\/index.php\/wp-json\/wp\/v2\/media?parent=751"}],"curies":[{"name":"wp","href":"https:\/\/api.w.org\/{rel}","templated":true}]}}